{"id":31,"date":"2024-06-17T17:29:04","date_gmt":"2024-06-17T17:29:04","guid":{"rendered":"https:\/\/nunda.net\/index.php\/home\/"},"modified":"2024-06-17T17:59:11","modified_gmt":"2024-06-17T17:59:11","slug":"home","status":"publish","type":"page","link":"https:\/\/nunda.net\/","title":{"rendered":"Home"},"content":{"rendered":"\t\t<div data-elementor-type=\"wp-page\" data-elementor-id=\"31\" class=\"elementor elementor-31\">\n\t\t\t\t<div class=\"elementor-element elementor-element-d5cfde3 e-flex e-con-boxed e-con e-parent\" data-id=\"d5cfde3\" data-element_type=\"container\" data-settings=\"{&quot;background_background&quot;:&quot;classic&quot;}\">\n\t\t\t\t\t<div class=\"e-con-inner\">\n\t\t\t\t<div class=\"elementor-element elementor-element-3ecd55be elementor-invisible elementor-widget elementor-widget-heading\" data-id=\"3ecd55be\" data-element_type=\"widget\" data-settings=\"{&quot;_animation&quot;:&quot;fadeIn&quot;}\" data-widget_type=\"heading.default\">\n\t\t\t\t<div class=\"elementor-widget-container\">\n\t\t\t\t\t<h1 class=\"elementor-heading-title elementor-size-default\">Criamos Solu\u00e7\u00f5es<\/h1>\t\t\t\t<\/div>\n\t\t\t\t<\/div>\n\t\t\t\t<div class=\"elementor-element elementor-element-32b3f1bc elementor-invisible elementor-widget elementor-widget-heading\" data-id=\"32b3f1bc\" data-element_type=\"widget\" data-settings=\"{&quot;_animation&quot;:&quot;fadeIn&quot;}\" data-widget_type=\"heading.default\">\n\t\t\t\t<div class=\"elementor-widget-container\">\n\t\t\t\t\t<h5 class=\"elementor-heading-title elementor-size-default\">Mais de duas d\u00e9cadas a auxiliar PME's a evoluir.<\/h5>\t\t\t\t<\/div>\n\t\t\t\t<\/div>\n\t\t\t\t<div class=\"elementor-element elementor-element-462e9de elementor-align-center elementor-invisible elementor-widget elementor-widget-button\" data-id=\"462e9de\" data-element_type=\"widget\" data-settings=\"{&quot;_animation&quot;:&quot;fadeIn&quot;,&quot;_animation_delay&quot;:400}\" data-widget_type=\"button.default\">\n\t\t\t\t<div class=\"elementor-widget-container\">\n\t\t\t\t\t\t\t\t\t<div class=\"elementor-button-wrapper\">\n\t\t\t\t\t<a class=\"elementor-button elementor-button-link elementor-size-sm\" href=\"mailto:suporte@nunda.net\" target=\"_blank\">\n\t\t\t\t\t\t<span class=\"elementor-button-content-wrapper\">\n\t\t\t\t\t\t<span class=\"elementor-button-icon\">\n\t\t\t\t<svg aria-hidden=\"true\" class=\"e-font-icon-svg e-far-envelope\" viewBox=\"0 0 512 512\" xmlns=\"http:\/\/www.w3.org\/2000\/svg\"><path d=\"M464 64H48C21.49 64 0 85.49 0 112v288c0 26.51 21.49 48 48 48h416c26.51 0 48-21.49 48-48V112c0-26.51-21.49-48-48-48zm0 48v40.805c-22.422 18.259-58.168 46.651-134.587 106.49-16.841 13.247-50.201 45.072-73.413 44.701-23.208.375-56.579-31.459-73.413-44.701C106.18 199.465 70.425 171.067 48 152.805V112h416zM48 400V214.398c22.914 18.251 55.409 43.862 104.938 82.646 21.857 17.205 60.134 55.186 103.062 54.955 42.717.231 80.509-37.199 103.053-54.947 49.528-38.783 82.032-64.401 104.947-82.653V400H48z\"><\/path><\/svg>\t\t\t<\/span>\n\t\t\t\t\t\t\t\t\t<span class=\"elementor-button-text\">Contacte-nos<\/span>\n\t\t\t\t\t<\/span>\n\t\t\t\t\t<\/a>\n\t\t\t\t<\/div>\n\t\t\t\t\t\t\t\t<\/div>\n\t\t\t\t<\/div>\n\t\t\t\t\t<\/div>\n\t\t\t\t<\/div>\n\t\t<div class=\"elementor-element elementor-element-cec4a29 e-flex e-con-boxed e-con e-parent\" data-id=\"cec4a29\" data-element_type=\"container\">\n\t\t\t\t\t<div class=\"e-con-inner\">\n\t\t\t\t<div class=\"elementor-element elementor-element-dadcf67 elementor-widget elementor-widget-html\" data-id=\"dadcf67\" data-element_type=\"widget\" data-widget_type=\"html.default\">\n\t\t\t\t<div class=\"elementor-widget-container\">\n\t\t\t\t\t<script src=\"https:\/\/helpdesk.nunda.net\/assets\/chat\/chat-no-jquery.min.js\"><\/script>\n<script>\n(function() {\n  new ZammadChat({\n    title: 'Fale com um dos nossos t\u00e9cnicos',\n    fontSize: '12px',\n    flat: true,\n    chatId: 1\n  });\n})();\n<\/script>\t\t\t\t<\/div>\n\t\t\t\t<\/div>\n\t\t\t\t\t<\/div>\n\t\t\t\t<\/div>\n\t\t\t\t<\/div>\n\t\t","protected":false},"excerpt":{"rendered":"<p>Criamos Solu\u00e7\u00f5es Mais de duas d\u00e9cadas a auxiliar PME&#8217;s a evoluir. Contacte-nos<\/p>\n","protected":false},"author":1,"featured_media":0,"parent":0,"menu_order":0,"comment_status":"closed","ping_status":"closed","template":"elementor_header_footer","meta":{"footnotes":""},"class_list":["post-31","page","type-page","status-publish","hentry"],"yoast_head":"<!-- This site is optimized with the Yoast SEO plugin v24.4 - https:\/\/yoast.com\/wordpress\/plugins\/seo\/ -->\n<title>Home - Nund\u00e1 - IT Advisement - Consultoria Inform\u00e1tica<\/title>\n<meta name=\"robots\" content=\"index, follow, max-snippet:-1, max-image-preview:large, max-video-preview:-1\" \/>\n<link rel=\"canonical\" href=\"https:\/\/nunda.net\/\" \/>\n<meta property=\"og:locale\" content=\"pt_PT\" \/>\n<meta property=\"og:type\" content=\"article\" \/>\n<meta property=\"og:title\" content=\"Home - Nund\u00e1 - IT Advisement - Consultoria Inform\u00e1tica\" \/>\n<meta property=\"og:description\" content=\"Criamos Solu\u00e7\u00f5es Mais de duas d\u00e9cadas a auxiliar PME&#8217;s a evoluir. Contacte-nos\" \/>\n<meta property=\"og:url\" content=\"https:\/\/nunda.net\/\" \/>\n<meta property=\"og:site_name\" content=\"Nund\u00e1 - IT Advisement - Consultoria Inform\u00e1tica\" \/>\n<meta property=\"article:modified_time\" content=\"2024-06-17T17:59:11+00:00\" \/>\n<meta name=\"twitter:card\" content=\"summary_large_image\" \/>\n<meta name=\"twitter:label1\" content=\"Tempo estimado de leitura\" \/>\n\t<meta name=\"twitter:data1\" content=\"1 minuto\" \/>\n<script type=\"application\/ld+json\" class=\"yoast-schema-graph\">{\"@context\":\"https:\/\/schema.org\",\"@graph\":[{\"@type\":\"WebPage\",\"@id\":\"https:\/\/nunda.net\/\",\"url\":\"https:\/\/nunda.net\/\",\"name\":\"Home - Nund\u00e1 - IT Advisement - Consultoria Inform\u00e1tica\",\"isPartOf\":{\"@id\":\"https:\/\/nunda.net\/#website\"},\"datePublished\":\"2024-06-17T17:29:04+00:00\",\"dateModified\":\"2024-06-17T17:59:11+00:00\",\"breadcrumb\":{\"@id\":\"https:\/\/nunda.net\/#breadcrumb\"},\"inLanguage\":\"pt-PT\",\"potentialAction\":[{\"@type\":\"ReadAction\",\"target\":[\"https:\/\/nunda.net\/\"]}]},{\"@type\":\"BreadcrumbList\",\"@id\":\"https:\/\/nunda.net\/#breadcrumb\",\"itemListElement\":[{\"@type\":\"ListItem\",\"position\":1,\"name\":\"In\u00edcio\",\"item\":\"https:\/\/nunda.net\/\"},{\"@type\":\"ListItem\",\"position\":2,\"name\":\"Home\"}]},{\"@type\":\"WebSite\",\"@id\":\"https:\/\/nunda.net\/#website\",\"url\":\"https:\/\/nunda.net\/\",\"name\":\"Nund\u00e1 - IT Advisement - Consultoria Inform\u00e1tica\",\"description\":\"\",\"publisher\":{\"@id\":\"https:\/\/nunda.net\/#organization\"},\"potentialAction\":[{\"@type\":\"SearchAction\",\"target\":{\"@type\":\"EntryPoint\",\"urlTemplate\":\"https:\/\/nunda.net\/?s={search_term_string}\"},\"query-input\":{\"@type\":\"PropertyValueSpecification\",\"valueRequired\":true,\"valueName\":\"search_term_string\"}}],\"inLanguage\":\"pt-PT\"},{\"@type\":\"Organization\",\"@id\":\"https:\/\/nunda.net\/#organization\",\"name\":\"Nund\u00e1 - IT Advisement - Consultoria Inform\u00e1tica\",\"url\":\"https:\/\/nunda.net\/\",\"logo\":{\"@type\":\"ImageObject\",\"inLanguage\":\"pt-PT\",\"@id\":\"https:\/\/nunda.net\/#\/schema\/logo\/image\/\",\"url\":\"https:\/\/nunda.net\/wp-content\/uploads\/2024\/06\/nunda-logo-22-anos.jpg\",\"contentUrl\":\"https:\/\/nunda.net\/wp-content\/uploads\/2024\/06\/nunda-logo-22-anos.jpg\",\"width\":2120,\"height\":1592,\"caption\":\"Nund\u00e1 - IT Advisement - Consultoria Inform\u00e1tica\"},\"image\":{\"@id\":\"https:\/\/nunda.net\/#\/schema\/logo\/image\/\"}}]}<\/script>\n<!-- \/ Yoast SEO plugin. -->","yoast_head_json":{"title":"Home - Nund\u00e1 - IT Advisement - Consultoria Inform\u00e1tica","robots":{"index":"index","follow":"follow","max-snippet":"max-snippet:-1","max-image-preview":"max-image-preview:large","max-video-preview":"max-video-preview:-1"},"canonical":"https:\/\/nunda.net\/","og_locale":"pt_PT","og_type":"article","og_title":"Home - Nund\u00e1 - IT Advisement - Consultoria Inform\u00e1tica","og_description":"Criamos Solu\u00e7\u00f5es Mais de duas d\u00e9cadas a auxiliar PME&#8217;s a evoluir. Contacte-nos","og_url":"https:\/\/nunda.net\/","og_site_name":"Nund\u00e1 - IT Advisement - Consultoria Inform\u00e1tica","article_modified_time":"2024-06-17T17:59:11+00:00","twitter_card":"summary_large_image","twitter_misc":{"Tempo estimado de leitura":"1 minuto"},"schema":{"@context":"https:\/\/schema.org","@graph":[{"@type":"WebPage","@id":"https:\/\/nunda.net\/","url":"https:\/\/nunda.net\/","name":"Home - Nund\u00e1 - IT Advisement - Consultoria Inform\u00e1tica","isPartOf":{"@id":"https:\/\/nunda.net\/#website"},"datePublished":"2024-06-17T17:29:04+00:00","dateModified":"2024-06-17T17:59:11+00:00","breadcrumb":{"@id":"https:\/\/nunda.net\/#breadcrumb"},"inLanguage":"pt-PT","potentialAction":[{"@type":"ReadAction","target":["https:\/\/nunda.net\/"]}]},{"@type":"BreadcrumbList","@id":"https:\/\/nunda.net\/#breadcrumb","itemListElement":[{"@type":"ListItem","position":1,"name":"In\u00edcio","item":"https:\/\/nunda.net\/"},{"@type":"ListItem","position":2,"name":"Home"}]},{"@type":"WebSite","@id":"https:\/\/nunda.net\/#website","url":"https:\/\/nunda.net\/","name":"Nund\u00e1 - IT Advisement - Consultoria Inform\u00e1tica","description":"","publisher":{"@id":"https:\/\/nunda.net\/#organization"},"potentialAction":[{"@type":"SearchAction","target":{"@type":"EntryPoint","urlTemplate":"https:\/\/nunda.net\/?s={search_term_string}"},"query-input":{"@type":"PropertyValueSpecification","valueRequired":true,"valueName":"search_term_string"}}],"inLanguage":"pt-PT"},{"@type":"Organization","@id":"https:\/\/nunda.net\/#organization","name":"Nund\u00e1 - IT Advisement - Consultoria Inform\u00e1tica","url":"https:\/\/nunda.net\/","logo":{"@type":"ImageObject","inLanguage":"pt-PT","@id":"https:\/\/nunda.net\/#\/schema\/logo\/image\/","url":"https:\/\/nunda.net\/wp-content\/uploads\/2024\/06\/nunda-logo-22-anos.jpg","contentUrl":"https:\/\/nunda.net\/wp-content\/uploads\/2024\/06\/nunda-logo-22-anos.jpg","width":2120,"height":1592,"caption":"Nund\u00e1 - IT Advisement - Consultoria Inform\u00e1tica"},"image":{"@id":"https:\/\/nunda.net\/#\/schema\/logo\/image\/"}}]}},"_links":{"self":[{"href":"https:\/\/nunda.net\/index.php\/wp-json\/wp\/v2\/pages\/31","targetHints":{"allow":["GET"]}}],"collection":[{"href":"https:\/\/nunda.net\/index.php\/wp-json\/wp\/v2\/pages"}],"about":[{"href":"https:\/\/nunda.net\/index.php\/wp-json\/wp\/v2\/types\/page"}],"author":[{"embeddable":true,"href":"https:\/\/nunda.net\/index.php\/wp-json\/wp\/v2\/users\/1"}],"replies":[{"embeddable":true,"href":"https:\/\/nunda.net\/index.php\/wp-json\/wp\/v2\/comments?post=31"}],"version-history":[{"count":16,"href":"https:\/\/nunda.net\/index.php\/wp-json\/wp\/v2\/pages\/31\/revisions"}],"predecessor-version":[{"id":81,"href":"https:\/\/nunda.net\/index.php\/wp-json\/wp\/v2\/pages\/31\/revisions\/81"}],"wp:attachment":[{"href":"https:\/\/nunda.net\/index.php\/wp-json\/wp\/v2\/media?parent=31"}],"curies":[{"name":"wp","href":"https:\/\/api.w.org\/{rel}","templated":true}]}}